{"id":860,"date":"2017-08-15T12:09:22","date_gmt":"2017-08-15T10:09:22","guid":{"rendered":"http:\/\/susanne-brunner.ch\/?page_id=6"},"modified":"2024-02-12T19:31:34","modified_gmt":"2024-02-12T18:31:34","slug":"home","status":"publish","type":"page","link":"https:\/\/jagd-schuetzt-jagd-nuetzt.ch\/","title":{"rendered":"Home"},"content":{"rendered":"<p><div class=\"fusion-fullwidth fullwidth-box fusion-builder-row-1 nonhundred-percent-fullwidth non-hundred-percent-height-scrolling\" style=\"background-color: rgba(255,255,255,0);background-position: center center;background-repeat: no-repeat;padding-top:0px;padding-right:0px;padding-bottom:0px;padding-left:0px;margin-bottom: 0px;margin-top: 0px;border-width: 0px 0px 0px 0px;border-color:#eae9e9;border-style:solid;\" ><div class=\"fusion-builder-row fusion-row\"><div class=\"fusion-layout-column fusion_builder_column fusion-builder-column-0 fusion_builder_column_1_1 1_1 fusion-one-full fusion-column-first fusion-column-last\" style=\"margin-top:0px;margin-bottom:20px;\"><div class=\"fusion-column-wrapper fusion-flex-column-wrapper-legacy\" style=\"background-position:left top;background-repeat:no-repeat;-webkit-background-size:cover;-moz-background-size:cover;-o-background-size:cover;background-size:cover;padding: 0px 0px 0px 0px;\"><script type=\"text\/javascript\">jQuery(function() { _initLayerSlider( '#layerslider_1_1bhkotkjro8n2', {createdWith: '6.5.7', sliderVersion: '6.7.0', type: 'fullwidth', allowFullscreen: false, pauseOnHover: 'looplayers', firstSlide: 'random', shuffleSlideshow: true, skin: 'noskin', globalBGSize: 'cover', navPrevNext: false, hoverPrevNext: false, navStartStop: false, navButtons: false, showCircleTimer: false, thumbnailNavigation: 'disabled', useSrcset: false, skinsPath: 'https:\/\/jagd-schuetzt-jagd-nuetzt.ch\/wp-content\/plugins\/LayerSlider\/assets\/static\/layerslider\/skins\/'}); });<\/script><div id=\"layerslider_1_1bhkotkjro8n2\" class=\"ls-wp-container fitvidsignore\" style=\"width:1100px;height:450px;max-width:1100px;margin:0 auto;margin-bottom: 0px;\"><div class=\"ls-slide\" data-ls=\"kenburnsscale:1.2;\"><a style=\"\" class=\"ls-l\" href=\"https:\/\/jagd-schuetzt-jagd-nuetzt.ch\/wordpress\/aktuelles\/#videostatements\" target=\"_self\" data-ls=\"startatout:transitioninend + 8000;\"><picture><source srcset=\"https:\/\/jagd-schuetzt-jagd-nuetzt.ch\/wp-content\/uploads\/2018\/06\/1100x450_Online-Statement_Hilfiker.webp \"  type=\"image\/webp\"><img src=\"https:\/\/jagd-schuetzt-jagd-nuetzt.ch\/wp-content\/uploads\/2018\/06\/1100x450_Online-Statement_Hilfiker.png\" height=\"450\" width=\"1100\" class=\" sp-no-webp\" alt=\"\" decoding=\"async\" style=\"top:0px;left:0px;\"  > <\/picture><\/a><\/div><div class=\"ls-slide\" data-ls=\"kenburnsscale:1.2;\"><a style=\"\" class=\"ls-l\" href=\"https:\/\/jagd-schuetzt-jagd-nuetzt.ch\/wordpress\/aktuelles\/#videostatements\" target=\"_self\" data-ls=\"startatout:transitioninend + 8000;\"><picture><source srcset=\"https:\/\/jagd-schuetzt-jagd-nuetzt.ch\/wp-content\/uploads\/2018\/06\/1100x450_Online-Statement_Lutz.webp \"  type=\"image\/webp\"><img src=\"https:\/\/jagd-schuetzt-jagd-nuetzt.ch\/wp-content\/uploads\/2018\/06\/1100x450_Online-Statement_Lutz.png\" height=\"450\" width=\"1100\" class=\" sp-no-webp\" alt=\"\" decoding=\"async\" style=\"top:0px;left:0px;\"  > <\/picture><\/a><\/div><div class=\"ls-slide\" data-ls=\"kenburnsscale:1.2;\"><a style=\"\" class=\"ls-l\" href=\"https:\/\/jagd-schuetzt-jagd-nuetzt.ch\/wordpress\/aktuelles\/#videostatements\" target=\"_self\" data-ls=\"startatout:transitioninend + 8000;\"><picture><source srcset=\"https:\/\/jagd-schuetzt-jagd-nuetzt.ch\/wp-content\/uploads\/2018\/06\/1100x450_Online-Statement_SchibliW.webp \"  type=\"image\/webp\"><img src=\"https:\/\/jagd-schuetzt-jagd-nuetzt.ch\/wp-content\/uploads\/2018\/06\/1100x450_Online-Statement_SchibliW.png\" height=\"450\" width=\"1100\" class=\" sp-no-webp\" alt=\"\" decoding=\"async\" style=\"top:0px;left:0px;\"  > <\/picture><\/a><\/div><div class=\"ls-slide\" data-ls=\"kenburnsscale:1.2;\"><a style=\"\" class=\"ls-l\" href=\"https:\/\/jagd-schuetzt-jagd-nuetzt.ch\/wordpress\/aktuelles\/#videostatements\" target=\"_self\" data-ls=\"startatout:transitioninend + 8000;\"><picture><source srcset=\"https:\/\/jagd-schuetzt-jagd-nuetzt.ch\/wp-content\/uploads\/2018\/06\/1100x450_Online-Statement_Weisbrod.webp \"  type=\"image\/webp\"><img src=\"https:\/\/jagd-schuetzt-jagd-nuetzt.ch\/wp-content\/uploads\/2018\/06\/1100x450_Online-Statement_Weisbrod.png\" height=\"450\" width=\"1100\" class=\" sp-no-webp\" alt=\"\" decoding=\"async\" style=\"top:0px;left:0px;\"  > <\/picture><\/a><\/div><div class=\"ls-slide\" data-ls=\"kenburnsscale:1.2;\"><a style=\"\" class=\"ls-l\" href=\"https:\/\/jagd-schuetzt-jagd-nuetzt.ch\/wordpress\/aktuelles\/#videostatements\" target=\"_self\" data-ls=\"startatout:transitioninend + 8000;\"><picture><source srcset=\"https:\/\/jagd-schuetzt-jagd-nuetzt.ch\/wp-content\/uploads\/2018\/06\/1100x450_Online-Statement_Schaeuble.webp \"  type=\"image\/webp\"><img src=\"https:\/\/jagd-schuetzt-jagd-nuetzt.ch\/wp-content\/uploads\/2018\/06\/1100x450_Online-Statement_Schaeuble.png\" height=\"450\" width=\"1100\" class=\" sp-no-webp\" alt=\"\" decoding=\"async\" style=\"top:0px;left:0px;\"  > <\/picture><\/a><\/div><div class=\"ls-slide\" data-ls=\"kenburnsscale:1.2;\"><picture><source srcset=\"https:\/\/jagd-schuetzt-jagd-nuetzt.ch\/wp-content\/uploads\/2018\/07\/1100x450_Online-Statement_Schibli.webp \"  type=\"image\/webp\"><img src=\"https:\/\/jagd-schuetzt-jagd-nuetzt.ch\/wp-content\/uploads\/2018\/07\/1100x450_Online-Statement_Schibli.jpg\" height=\"450\" width=\"1100\" class=\"ls-l sp-no-webp\" alt=\"\" decoding=\"async\" style=\"top:10px;left:10px;\" data-ls=\"startatout:transitioninend + 8000;\"  > <\/picture><\/div><div class=\"ls-slide\" data-ls=\"kenburnsscale:1.2;\"><a style=\"\" class=\"ls-l\" href=\"https:\/\/jagd-schuetzt-jagd-nuetzt.ch\/wordpress\/aktuelles\/#videostatements\" target=\"_self\" data-ls=\"startatout:transitioninend + 8000;\"><picture><source srcset=\"https:\/\/jagd-schuetzt-jagd-nuetzt.ch\/wp-content\/uploads\/2018\/06\/1100x450_Online-Statement_Derungs.webp \"  type=\"image\/webp\"><img src=\"https:\/\/jagd-schuetzt-jagd-nuetzt.ch\/wp-content\/uploads\/2018\/06\/1100x450_Online-Statement_Derungs.png\" height=\"450\" width=\"1100\" class=\" sp-no-webp\" alt=\"\" decoding=\"async\" style=\"top:0px;left:0px;\"  > <\/picture><\/a><\/div><div class=\"ls-slide\" data-ls=\"kenburnsscale:1.2;\"><a style=\"\" class=\"ls-l\" href=\"https:\/\/jagd-schuetzt-jagd-nuetzt.ch\/wordpress\/aktuelles\/#videostatements\" target=\"_self\" data-ls=\"startatout:transitioninend + 8000;\"><img decoding=\"async\" width=\"1100\" height=\"450\" src=\"https:\/\/jagd-schuetzt-jagd-nuetzt.ch\/wp-content\/uploads\/2018\/06\/1100x450_Online-Statement_Copes.png\" class=\"\" alt=\"\" style=\"top:0px;left:0px;\"><\/a><\/div><div class=\"ls-slide\" data-ls=\"kenburnsscale:1.2;\"><a style=\"\" class=\"ls-l\" href=\"https:\/\/jagd-schuetzt-jagd-nuetzt.ch\/wordpress\/aktuelles\/#videostatements\" target=\"_self\" data-ls=\"startatout:transitioninend + 8000;\"><picture><source srcset=\"https:\/\/jagd-schuetzt-jagd-nuetzt.ch\/wp-content\/uploads\/2018\/06\/1100x450_Online-Statement_Kuhn.webp \"  type=\"image\/webp\"><img src=\"https:\/\/jagd-schuetzt-jagd-nuetzt.ch\/wp-content\/uploads\/2018\/06\/1100x450_Online-Statement_Kuhn.png\" height=\"450\" width=\"1100\" class=\" sp-no-webp\" alt=\"\" decoding=\"async\" style=\"top:0px;left:0px;\"  > <\/picture><\/a><\/div><div class=\"ls-slide\" data-ls=\"kenburnsscale:1.2;\"><a style=\"\" class=\"ls-l\" href=\"https:\/\/jagd-schuetzt-jagd-nuetzt.ch\/wordpress\/aktuelles\/#videostatements\" target=\"_self\" data-ls=\"startatout:transitioninend + 8000;\"><picture><source srcset=\"https:\/\/jagd-schuetzt-jagd-nuetzt.ch\/wp-content\/uploads\/2018\/06\/1100x450_Online-Statement_Schleich.webp \"  type=\"image\/webp\"><img src=\"https:\/\/jagd-schuetzt-jagd-nuetzt.ch\/wp-content\/uploads\/2018\/06\/1100x450_Online-Statement_Schleich.png\" height=\"450\" width=\"1100\" class=\" sp-no-webp\" alt=\"\" decoding=\"async\" style=\"top:0px;left:0px;\"  > <\/picture><\/a><\/div><div class=\"ls-slide\" data-ls=\"kenburnsscale:1.2;\"><a style=\"\" class=\"ls-l\" href=\"https:\/\/jagd-schuetzt-jagd-nuetzt.ch\/wordpress\/aktuelles\/#videostatements\" target=\"_self\" data-ls=\"startatout:transitioninend + 8000;\"><img decoding=\"async\" width=\"1100\" height=\"450\" src=\"https:\/\/jagd-schuetzt-jagd-nuetzt.ch\/wp-content\/uploads\/2018\/06\/1100x450_Online-Statement_Krienbu%CC%88hl.png\" class=\"\" alt=\"\" style=\"top:0px;left:0px;\"><\/a><\/div><div class=\"ls-slide\" data-ls=\"kenburnsscale:1.2;\"><picture><source srcset=\"https:\/\/jagd-schuetzt-jagd-nuetzt.ch\/wp-content\/uploads\/2018\/07\/1100x450_Online-Statement_Karrer.webp \"  type=\"image\/webp\"><img src=\"https:\/\/jagd-schuetzt-jagd-nuetzt.ch\/wp-content\/uploads\/2018\/07\/1100x450_Online-Statement_Karrer.jpg\" height=\"450\" width=\"1100\" class=\"ls-l sp-no-webp\" alt=\"\" decoding=\"async\" style=\"top:10px;left:10px;\" data-ls=\"startatout:transitioninend + 8000;\"  > <\/picture><\/div><div class=\"ls-slide\" data-ls=\"kenburnsscale:1.2;\"><a style=\"\" class=\"ls-l\" href=\"https:\/\/jagd-schuetzt-jagd-nuetzt.ch\/wordpress\/aktuelles\/#videostatements\" target=\"_self\" data-ls=\"startatout:transitioninend + 8000;\"><picture><source srcset=\"https:\/\/jagd-schuetzt-jagd-nuetzt.ch\/wp-content\/uploads\/2018\/06\/1100x450_Online-Statement_Hausammann.webp \"  type=\"image\/webp\"><img src=\"https:\/\/jagd-schuetzt-jagd-nuetzt.ch\/wp-content\/uploads\/2018\/06\/1100x450_Online-Statement_Hausammann.png\" height=\"450\" width=\"1100\" class=\" sp-no-webp\" alt=\"\" decoding=\"async\" style=\"top:0px;left:0px;\"  > <\/picture><\/a><\/div><\/div><div class=\"fusion-clearfix\"><\/div><\/div><\/div><div class=\"fusion-layout-column fusion_builder_column fusion-builder-column-1 fusion_builder_column_1_1 1_1 fusion-one-full fusion-column-first fusion-column-last\" style=\"margin-top:0px;margin-bottom:20px;\"><div class=\"fusion-column-wrapper fusion-flex-column-wrapper-legacy\" style=\"background-position:left top;background-repeat:no-repeat;-webkit-background-size:cover;-moz-background-size:cover;-o-background-size:cover;background-size:cover;padding: 0px 0px 0px 0px;\"><style type=\"text\/css\"><\/style><div class=\"fusion-title title fusion-title-1 fusion-sep-none fusion-title-text fusion-title-size-one\" style=\"margin-top:0px;margin-right:0px;margin-bottom:10px;margin-left:0px;\"><h1 class=\"title-heading-left\" style=\"margin:0;\">Jagd sch\u00fctzt. Jagd n\u00fctzt.<\/h1><\/div><div class=\"fusion-clearfix\"><\/div><\/div><\/div><div class=\"fusion-layout-column fusion_builder_column fusion-builder-column-2 fusion_builder_column_1_5 1_5 fusion-one-fifth fusion-column-first\" style=\"width:16.8%; margin-right: 4%;margin-top:0px;margin-bottom:0px;\"><div class=\"fusion-column-wrapper fusion-flex-column-wrapper-legacy\" style=\"background-position:left top;background-repeat:no-repeat;-webkit-background-size:cover;-moz-background-size:cover;-o-background-size:cover;background-size:cover;padding: 0px 0px 0px 0px;\"><span class=\" fusion-imageframe imageframe-none imageframe-1 hover-type-none\"><picture><source srcset=\"https:\/\/jagd-schuetzt-jagd-nuetzt.ch\/wp-content\/uploads\/2018\/03\/Jaques-200x239.jpg 200w,https:\/\/jagd-schuetzt-jagd-nuetzt.ch\/wp-content\/uploads\/2018\/03\/Jaques.webp 300w\" sizes=\"(max-width: 800px) 100vw, 251px\" type=\"image\/webp\"><img src=\"https:\/\/jagd-schuetzt-jagd-nuetzt.ch\/wp-content\/uploads\/2018\/03\/Jaques-251x300.jpg\" height=\"300\" width=\"251\" srcset=\"https:\/\/jagd-schuetzt-jagd-nuetzt.ch\/wp-content\/uploads\/2018\/03\/Jaques-200x239.jpg 200w, https:\/\/jagd-schuetzt-jagd-nuetzt.ch\/wp-content\/uploads\/2018\/03\/Jaques.jpg 300w\" sizes=\"(max-width: 800px) 100vw, 251px\" class=\"img-responsive wp-image-939 sp-no-webp\" alt=\"\" decoding=\"async\" title=\"Jaques\"  > <\/picture><\/span><div class=\"fusion-clearfix\"><\/div><\/div><\/div><div class=\"fusion-layout-column fusion_builder_column fusion-builder-column-3 fusion_builder_column_3_4 3_4 fusion-three-fourth\" style=\"width:74%; margin-right: 4%;margin-top:0px;margin-bottom:0px;\"><div class=\"fusion-column-wrapper fusion-flex-column-wrapper-legacy\" style=\"background-position:left top;background-repeat:no-repeat;-webkit-background-size:cover;-moz-background-size:cover;-o-background-size:cover;background-size:cover;padding: 0px 0px 0px 0px;\"><div class=\"fusion-text fusion-text-1\"><p>Der Schutz unserer Natur und der darin wild lebenden S\u00e4ugetiere und V\u00f6gel ist eines der wichtigsten Anliegen unserer Zeit.<\/p>\n<p>Der anwachsende Siedlungsdruck und das ver\u00e4nderte Freizeitverhalten der Bev\u00f6lkerung wirken jedoch zunehmend st\u00e4rker auf W\u00e4lder und Fluren ein. Damit Mensch und Tier auch in Zukunft auf dem knapper werdenden Raum gut zusammenleben k\u00f6nnen, bedarf es sorgf\u00e4ltiger intensiver Hege und Pflege, die zum Ziel hat, die Artenvielfalt und die Lebensr\u00e4ume unserer Wildtiere zu erhalten.<\/p>\n<p>Die gut und fundiert ausgebildeten J\u00e4gerinnen und J\u00e4ger in unserem Kanton sorgen zusammen mit F\u00f6rstern und Landwirten seit vielen Jahren auf bew\u00e4hrte Art und Weise und ohne gr\u00f6ssere Probleme daf\u00fcr, dass das hochsensible Nebeneinander von Mensch und Tier m\u00f6glichst ungest\u00f6rt und artgerecht verl\u00e4uft. Dieses bew\u00e4hrte System darf nicht zerst\u00f6rt werden.<\/p>\n<p><img decoding=\"async\" class=\"alignnone size-medium wp-image-725\" src=\"https:\/\/jagd-schuetzt-jagd-nuetzt.ch\/wp-content\/uploads\/2018\/03\/Unterschrift_Jaques-300x55.png\" alt=\"\" width=\"300\" height=\"55\" \/><br \/>\n<i>Christian Jaques, Ehren-Pr\u00e4sident JagdZ\u00fcrich (\u2020 2023)<br \/>\n<\/i><\/p>\n<\/div><div class=\"fusion-clearfix\"><\/div><\/div><\/div><div class=\"fusion-layout-column fusion_builder_column fusion-builder-column-4 fusion_builder_column_1_1 1_1 fusion-one-full fusion-column-last\" style=\"margin-top:0px;margin-bottom:20px;\"><div class=\"fusion-column-wrapper fusion-flex-column-wrapper-legacy\" style=\"background-position:left top;background-repeat:no-repeat;-webkit-background-size:cover;-moz-background-size:cover;-o-background-size:cover;background-size:cover;padding: 0px 0px 0px 0px;\"><div class=\"fusion-sep-clear\"><\/div><div class=\"fusion-separator\" style=\"margin-left: auto;margin-right: auto;margin-top:20px;margin-bottom:20px;width:100%;max-width:80%;\"><div class=\"fusion-separator-border sep-single sep-solid\" style=\"border-color:#f9f9f9;border-top-width:1px;\"><\/div><\/div><div class=\"fusion-sep-clear\"><\/div><div class=\"fusion-video fusion-youtube\" style=\"max-width:1100px;max-height:619px;\"><div class=\"video-shortcode\"><iframe title=\"YouTube video player 1\" src=\"https:\/\/www.youtube.com\/embed\/hCLOqfARy4A?wmode=transparent&autoplay=0\" width=\"1100\" height=\"619\" allowfullscreen allow=\"autoplay; fullscreen\"><\/iframe><\/div><\/div><div class=\"fusion-widget-area fusion-widget-area-1 fusion-content-widget-area\"><style type=\"text\/css\">.fusion-widget-area-1 {padding:0px 0px 0px 0px;}.fusion-widget-area-1 .widget h4 {color:#146b24;}.fusion-widget-area-1 .widget .heading h4 {color:#146b24;}.fusion-widget-area-1 .widget h4 {font-size:13px;}.fusion-widget-area-1 .widget .heading h4 {font-size:13px;}<\/style><div id=\"nav_menu-2\" class=\"widget widget_nav_menu\"><div class=\"menu-videos-container\"><ul id=\"menu-videos\" class=\"menu\"><li id=\"menu-item-864\" class=\"menu-item menu-item-type-custom menu-item-object-custom menu-item-864\"><a href=\"https:\/\/jagd-schuetzt-jagd-nuetzt.ch\/aktuelles\/#videostatements\">mehr Videos ansehen<\/a><\/li>\n<\/ul><\/div><\/div><div class=\"fusion-additional-widget-content\"><\/div><\/div><div class=\"fusion-clearfix\"><\/div><\/div><\/div><\/div><\/div><div class=\"fusion-fullwidth fullwidth-box fusion-builder-row-2 nonhundred-percent-fullwidth non-hundred-percent-height-scrolling fusion-equal-height-columns\" style=\"background-color: rgba(255,255,255,0);background-position: center center;background-repeat: no-repeat;padding-top:0px;padding-right:0px;padding-bottom:0px;padding-left:0px;margin-bottom: 0px;margin-top: 0px;border-width: 0px 0px 0px 0px;border-color:#eae9e9;border-style:solid;\" ><div class=\"fusion-builder-row fusion-row\"><div class=\"fusion-layout-column fusion_builder_column fusion-builder-column-5 fusion_builder_column_1_2 1_2 fusion-one-half fusion-column-first\" style=\"width:50%;width:calc(50% - ( ( 4% ) * 0.5 ) );margin-right: 4%;margin-top:0px;margin-bottom:20px;\"><div class=\"fusion-column-wrapper fusion-flex-column-wrapper-legacy\" style=\"background-position:left top;background-repeat:no-repeat;-webkit-background-size:cover;-moz-background-size:cover;-o-background-size:cover;background-size:cover;padding: 25px 25px 25px 25px;\"><div class=\"fusion-builder-row fusion-builder-row-inner fusion-row\"><div class=\"fusion-layout-column fusion_builder_column_inner fusion-builder-nested-column-0 fusion_builder_column_inner_1_3 1_3 fusion-one-third fusion-column-first\" style=\"width:33.333333333333%;width:calc(33.333333333333% - ( ( 4% ) * 0.33333333333333 ) );margin-right: 4%;margin-top:0px;margin-bottom:20px;\"><div class=\"fusion-column-wrapper fusion-flex-column-wrapper-legacy\" style=\"background-position:left top;background-repeat:no-repeat;-webkit-background-size:cover;-moz-background-size:cover;-o-background-size:cover;background-size:cover;padding: 0px 0px 0px 0px;\"><div class=\"fusion-button-wrapper\"><style>.fusion-button.button-1{border-color:#ffffff;border-radius:2px 2px 2px 2px;background:#146b24;}.fusion-button.button-1 .fusion-button-text,.fusion-button.button-1 i,.fusion-button.button-1:hover .fusion-button-text,.fusion-button.button-1:hover i,.fusion-button.button-1:focus .fusion-button-text,.fusion-button.button-1:focus i,.fusion-button.button-1:active .fusion-button-text,.fusion-button.button-1:active i{color:#ffffff;}.fusion-button.button-1:hover,.fusion-button.button-1:active,.fusion-button.button-1:focus{border-color:#ffffff;background:#d7d7d7;}<\/style><a class=\"fusion-button button-flat button-medium button-custom button-1 fusion-button-default-span fusion-button-default-type\" target=\"_blank\" rel=\"noopener noreferrer\" href=\"https:\/\/www.facebook.com\/Jagd-sch\u00fctzt-Jagd-n\u00fctzt-1882861071805578\/\"><i class=\" fa fa-facebook button-icon-left\" aria-hidden=\"true\"><\/i><span class=\"fusion-button-text\">Facebook<\/span><\/a><\/div><div class=\"fusion-clearfix\"><\/div><\/div><\/div><\/div><div class=\"fusion-clearfix\"><\/div><\/div><\/div><\/div><\/div><\/p>\n","protected":false},"excerpt":{"rendered":"","protected":false},"author":3,"featured_media":0,"parent":0,"menu_order":0,"comment_status":"closed","ping_status":"closed","template":"","meta":{"footnotes":""},"class_list":["post-860","page","type-page","status-publish","hentry"],"yoast_head":"<!-- This site is optimized with the Yoast SEO plugin v22.4 - https:\/\/yoast.com\/wordpress\/plugins\/seo\/ -->\n<title>Home - Jagd sch\u00fctzt. Jagd n\u00fctzt.<\/title>\n<meta name=\"robots\" content=\"index, follow, max-snippet:-1, max-image-preview:large, max-video-preview:-1\" \/>\n<link rel=\"canonical\" href=\"https:\/\/jagd-schuetzt-jagd-nuetzt.ch\/\" \/>\n<meta property=\"og:locale\" content=\"de_DE\" \/>\n<meta property=\"og:type\" content=\"article\" \/>\n<meta property=\"og:title\" content=\"Home - Jagd sch\u00fctzt. Jagd n\u00fctzt.\" \/>\n<meta property=\"og:url\" content=\"https:\/\/jagd-schuetzt-jagd-nuetzt.ch\/\" \/>\n<meta property=\"og:site_name\" content=\"Jagd sch\u00fctzt. Jagd n\u00fctzt.\" \/>\n<meta property=\"article:modified_time\" content=\"2024-02-12T18:31:34+00:00\" \/>\n<meta property=\"og:image\" content=\"https:\/\/jagd-schuetzt-jagd-nuetzt.ch\/wp-content\/uploads\/2018\/03\/Unterschrift_Jaques-300x55.png\" \/>\n<meta name=\"twitter:card\" content=\"summary_large_image\" \/>\n<meta name=\"twitter:label1\" content=\"Gesch\u00e4tzte Lesezeit\" \/>\n\t<meta name=\"twitter:data1\" content=\"4\u00a0Minuten\" \/>\n<script type=\"application\/ld+json\" class=\"yoast-schema-graph\">{\"@context\":\"https:\/\/schema.org\",\"@graph\":[{\"@type\":\"WebPage\",\"@id\":\"https:\/\/jagd-schuetzt-jagd-nuetzt.ch\/\",\"url\":\"https:\/\/jagd-schuetzt-jagd-nuetzt.ch\/\",\"name\":\"Home - Jagd sch\u00fctzt. Jagd n\u00fctzt.\",\"isPartOf\":{\"@id\":\"https:\/\/jagd-schuetzt-jagd-nuetzt.ch\/#website\"},\"primaryImageOfPage\":{\"@id\":\"https:\/\/jagd-schuetzt-jagd-nuetzt.ch\/#primaryimage\"},\"image\":{\"@id\":\"https:\/\/jagd-schuetzt-jagd-nuetzt.ch\/#primaryimage\"},\"thumbnailUrl\":\"https:\/\/jagd-schuetzt-jagd-nuetzt.ch\/wp-content\/uploads\/2018\/03\/Unterschrift_Jaques-300x55.png\",\"datePublished\":\"2017-08-15T10:09:22+00:00\",\"dateModified\":\"2024-02-12T18:31:34+00:00\",\"breadcrumb\":{\"@id\":\"https:\/\/jagd-schuetzt-jagd-nuetzt.ch\/#breadcrumb\"},\"inLanguage\":\"de\",\"potentialAction\":[{\"@type\":\"ReadAction\",\"target\":[\"https:\/\/jagd-schuetzt-jagd-nuetzt.ch\/\"]}]},{\"@type\":\"ImageObject\",\"inLanguage\":\"de\",\"@id\":\"https:\/\/jagd-schuetzt-jagd-nuetzt.ch\/#primaryimage\",\"url\":\"https:\/\/jagd-schuetzt-jagd-nuetzt.ch\/wp-content\/uploads\/2018\/03\/Unterschrift_Jaques.png\",\"contentUrl\":\"https:\/\/jagd-schuetzt-jagd-nuetzt.ch\/wp-content\/uploads\/2018\/03\/Unterschrift_Jaques.png\",\"width\":842,\"height\":155},{\"@type\":\"BreadcrumbList\",\"@id\":\"https:\/\/jagd-schuetzt-jagd-nuetzt.ch\/#breadcrumb\",\"itemListElement\":[{\"@type\":\"ListItem\",\"position\":1,\"name\":\"Startseite\",\"item\":\"https:\/\/jagd-schuetzt-jagd-nuetzt.ch\/\"},{\"@type\":\"ListItem\",\"position\":2,\"name\":\"Home\"}]},{\"@type\":\"WebSite\",\"@id\":\"https:\/\/jagd-schuetzt-jagd-nuetzt.ch\/#website\",\"url\":\"https:\/\/jagd-schuetzt-jagd-nuetzt.ch\/\",\"name\":\"Jagd sch\u00fctzt. Jagd n\u00fctzt.\",\"description\":\"Nein zur kantonalen Initiative &quot;Wildh\u00fcter statt J\u00e4ger&quot;\",\"potentialAction\":[{\"@type\":\"SearchAction\",\"target\":{\"@type\":\"EntryPoint\",\"urlTemplate\":\"https:\/\/jagd-schuetzt-jagd-nuetzt.ch\/?s={search_term_string}\"},\"query-input\":\"required name=search_term_string\"}],\"inLanguage\":\"de\"}]}<\/script>\n<!-- \/ Yoast SEO plugin. -->","yoast_head_json":{"title":"Home - Jagd sch\u00fctzt. Jagd n\u00fctzt.","robots":{"index":"index","follow":"follow","max-snippet":"max-snippet:-1","max-image-preview":"max-image-preview:large","max-video-preview":"max-video-preview:-1"},"canonical":"https:\/\/jagd-schuetzt-jagd-nuetzt.ch\/","og_locale":"de_DE","og_type":"article","og_title":"Home - Jagd sch\u00fctzt. Jagd n\u00fctzt.","og_url":"https:\/\/jagd-schuetzt-jagd-nuetzt.ch\/","og_site_name":"Jagd sch\u00fctzt. Jagd n\u00fctzt.","article_modified_time":"2024-02-12T18:31:34+00:00","og_image":[{"url":"https:\/\/jagd-schuetzt-jagd-nuetzt.ch\/wp-content\/uploads\/2018\/03\/Unterschrift_Jaques-300x55.png"}],"twitter_card":"summary_large_image","twitter_misc":{"Gesch\u00e4tzte Lesezeit":"4\u00a0Minuten"},"schema":{"@context":"https:\/\/schema.org","@graph":[{"@type":"WebPage","@id":"https:\/\/jagd-schuetzt-jagd-nuetzt.ch\/","url":"https:\/\/jagd-schuetzt-jagd-nuetzt.ch\/","name":"Home - Jagd sch\u00fctzt. Jagd n\u00fctzt.","isPartOf":{"@id":"https:\/\/jagd-schuetzt-jagd-nuetzt.ch\/#website"},"primaryImageOfPage":{"@id":"https:\/\/jagd-schuetzt-jagd-nuetzt.ch\/#primaryimage"},"image":{"@id":"https:\/\/jagd-schuetzt-jagd-nuetzt.ch\/#primaryimage"},"thumbnailUrl":"https:\/\/jagd-schuetzt-jagd-nuetzt.ch\/wp-content\/uploads\/2018\/03\/Unterschrift_Jaques-300x55.png","datePublished":"2017-08-15T10:09:22+00:00","dateModified":"2024-02-12T18:31:34+00:00","breadcrumb":{"@id":"https:\/\/jagd-schuetzt-jagd-nuetzt.ch\/#breadcrumb"},"inLanguage":"de","potentialAction":[{"@type":"ReadAction","target":["https:\/\/jagd-schuetzt-jagd-nuetzt.ch\/"]}]},{"@type":"ImageObject","inLanguage":"de","@id":"https:\/\/jagd-schuetzt-jagd-nuetzt.ch\/#primaryimage","url":"https:\/\/jagd-schuetzt-jagd-nuetzt.ch\/wp-content\/uploads\/2018\/03\/Unterschrift_Jaques.png","contentUrl":"https:\/\/jagd-schuetzt-jagd-nuetzt.ch\/wp-content\/uploads\/2018\/03\/Unterschrift_Jaques.png","width":842,"height":155},{"@type":"BreadcrumbList","@id":"https:\/\/jagd-schuetzt-jagd-nuetzt.ch\/#breadcrumb","itemListElement":[{"@type":"ListItem","position":1,"name":"Startseite","item":"https:\/\/jagd-schuetzt-jagd-nuetzt.ch\/"},{"@type":"ListItem","position":2,"name":"Home"}]},{"@type":"WebSite","@id":"https:\/\/jagd-schuetzt-jagd-nuetzt.ch\/#website","url":"https:\/\/jagd-schuetzt-jagd-nuetzt.ch\/","name":"Jagd sch\u00fctzt. Jagd n\u00fctzt.","description":"Nein zur kantonalen Initiative &quot;Wildh\u00fcter statt J\u00e4ger&quot;","potentialAction":[{"@type":"SearchAction","target":{"@type":"EntryPoint","urlTemplate":"https:\/\/jagd-schuetzt-jagd-nuetzt.ch\/?s={search_term_string}"},"query-input":"required name=search_term_string"}],"inLanguage":"de"}]}},"_links":{"self":[{"href":"https:\/\/jagd-schuetzt-jagd-nuetzt.ch\/index.php?rest_route=\/wp\/v2\/pages\/860","targetHints":{"allow":["GET"]}}],"collection":[{"href":"https:\/\/jagd-schuetzt-jagd-nuetzt.ch\/index.php?rest_route=\/wp\/v2\/pages"}],"about":[{"href":"https:\/\/jagd-schuetzt-jagd-nuetzt.ch\/index.php?rest_route=\/wp\/v2\/types\/page"}],"author":[{"embeddable":true,"href":"https:\/\/jagd-schuetzt-jagd-nuetzt.ch\/index.php?rest_route=\/wp\/v2\/users\/3"}],"replies":[{"embeddable":true,"href":"https:\/\/jagd-schuetzt-jagd-nuetzt.ch\/index.php?rest_route=%2Fwp%2Fv2%2Fcomments&post=860"}],"version-history":[{"count":5,"href":"https:\/\/jagd-schuetzt-jagd-nuetzt.ch\/index.php?rest_route=\/wp\/v2\/pages\/860\/revisions"}],"predecessor-version":[{"id":1921,"href":"https:\/\/jagd-schuetzt-jagd-nuetzt.ch\/index.php?rest_route=\/wp\/v2\/pages\/860\/revisions\/1921"}],"wp:attachment":[{"href":"https:\/\/jagd-schuetzt-jagd-nuetzt.ch\/index.php?rest_route=%2Fwp%2Fv2%2Fmedia&parent=860"}],"curies":[{"name":"wp","href":"https:\/\/api.w.org\/{rel}","templated":true}]}}